{"id":2,"date":"2023-08-17T15:36:51","date_gmt":"2023-08-17T18:36:51","guid":{"rendered":"http:\/\/consensum-eng.com\/?page_id=2"},"modified":"2023-08-23T13:01:53","modified_gmt":"2023-08-23T16:01:53","slug":"pagina-exemplo","status":"publish","type":"page","link":"https:\/\/consensum-eng.com\/","title":{"rendered":"A Consensum"},"content":{"rendered":"\n<p>Descubra um novo patamar de excel\u00eancia em processos minerais atrav\u00e9s da Consensum. Com anos de experi\u00eancia s\u00f3lida e um hist\u00f3rico comprovado, estamos prontos para ser o parceiro confi\u00e1vel que voc\u00ea precisa. Do planejamento de lavra \u00e0 execu\u00e7\u00e3o t\u00e9cnica, nossos projetos s\u00e3o marcados pela qualidade excepcional, resultado da nossa equipe altamente qualificada e do nosso comprometimento inabal\u00e1vel com os mais altos padr\u00f5es da ind\u00fastria. Al\u00e9m disso, entendemos que cada projeto \u00e9 \u00fanico, e \u00e9 por isso que adotamos uma abordagem flex\u00edvel, adaptando nossas solu\u00e7\u00f5es para atender \u00e0s suas necessidades espec\u00edficas.<\/p>\n\n\n\n<p>Nossa promessa vai al\u00e9m do cumprimento de prazos &#8211; garantimos resultados excepcionais dentro do tempo acordado. Reconhecemos a import\u00e2ncia de cada marco e, por isso, nossa equipe altamente especializadfa trabalha com efici\u00eancia para entregar cada projeto no prazo estipulado. Combinando expertise t\u00e9cnica com uma compreens\u00e3o profunda dos desafios do setor, estamos prontos para superar suas expectativas e fornecer resultados que impulsionem o seu sucesso.<\/p>\n\n\n\n<p>Na Consensum, a busca pela excel\u00eancia e inova\u00e7\u00e3o \u00e9 constante. Estamos na vanguarda das mais recentes tecnologias e tend\u00eancias da ind\u00fastria, permitindo-nos oferecer solu\u00e7\u00f5es de engenharia que n\u00e3o apenas resolvem problemas, mas tamb\u00e9m abrem novas oportunidades. Nossa abordagem sustent\u00e1vel e \u00e9tica garante que suas opera\u00e7\u00f5es estejam alinhadas com as melhores pr\u00e1ticas e normas. Se voc\u00ea deseja um parceiro de engenharia no setor mineral que seja flex\u00edvel, comprometido com prazos e apaixonado pela qualidade, sua busca termina aqui.<\/p>\n\n\n\n<p>A seguran\u00e7a \u00e9 a nossa prioridade m\u00e1xima. Reconhecemos a responsabilidade que carregamos ao lidar com projetos que afetam a vida das pessoas e o meio ambiente. A qualidade \u00e9 a marca registrada dos nossos projetos. Acreditamos que a excel\u00eancia n\u00e3o \u00e9 apenas um objetivo, mas sim uma exig\u00eancia.<\/p>\n\n\n\n<p>A flexibilidade \u00e9 o que nos permite enfrentar os desafios em constante evolu\u00e7\u00e3o. Sabemos que cada projeto \u00e9 \u00fanico e pode demandar abordagens diferentes. \u00c9 por isso que nos adaptamos \u00e0s necessidades e requisitos espec\u00edficos de cada cliente. Nossa capacidade de ajustar estrat\u00e9gias e solu\u00e7\u00f5es de acordo com as mudan\u00e7as do ambiente \u00e9 uma caracter\u00edstica que nos diferencia.<\/p>\n","protected":false},"excerpt":{"rendered":"<p>Descubra um novo patamar de excel\u00eancia em processos minerais atrav\u00e9s da Consensum. Com anos de experi\u00eancia s\u00f3lida e um hist\u00f3rico comprovado, estamos prontos para ser o parceiro confi\u00e1vel que voc\u00ea precisa. Do planejamento de lavra \u00e0 execu\u00e7\u00e3o t\u00e9cnica, nossos projetos s\u00e3o marcados pela qualidade excepcional, resultado da nossa equipe altamente [&hellip;]<\/p>\n","protected":false},"author":1,"featured_media":25,"parent":0,"menu_order":0,"comment_status":"closed","ping_status":"open","template":"","meta":{"om_disable_all_campaigns":false,"_monsterinsights_skip_tracking":false,"_monsterinsights_sitenote_active":false,"_monsterinsights_sitenote_note":"","_monsterinsights_sitenote_category":0,"footnotes":""},"aioseo_notices":[],"_links":{"self":[{"href":"https:\/\/consensum-eng.com\/index.php\/wp-json\/wp\/v2\/pages\/2"}],"collection":[{"href":"https:\/\/consensum-eng.com\/index.php\/wp-json\/wp\/v2\/pages"}],"about":[{"href":"https:\/\/consensum-eng.com\/index.php\/wp-json\/wp\/v2\/types\/page"}],"author":[{"embeddable":true,"href":"https:\/\/consensum-eng.com\/index.php\/wp-json\/wp\/v2\/users\/1"}],"replies":[{"embeddable":true,"href":"https:\/\/consensum-eng.com\/index.php\/wp-json\/wp\/v2\/comments?post=2"}],"version-history":[{"count":5,"href":"https:\/\/consensum-eng.com\/index.php\/wp-json\/wp\/v2\/pages\/2\/revisions"}],"predecessor-version":[{"id":123,"href":"https:\/\/consensum-eng.com\/index.php\/wp-json\/wp\/v2\/pages\/2\/revisions\/123"}],"wp:featuredmedia":[{"embeddable":true,"href":"https:\/\/consensum-eng.com\/index.php\/wp-json\/wp\/v2\/media\/25"}],"wp:attachment":[{"href":"https:\/\/consensum-eng.com\/index.php\/wp-json\/wp\/v2\/media?parent=2"}],"curies":[{"name":"wp","href":"https:\/\/api.w.org\/{rel}","templated":true}]}}