{"id":28,"date":"2023-08-18T09:31:44","date_gmt":"2023-08-18T12:31:44","guid":{"rendered":"https:\/\/consensum-eng.com\/?page_id=28"},"modified":"2023-08-23T13:14:42","modified_gmt":"2023-08-23T16:14:42","slug":"empresa","status":"publish","type":"page","link":"https:\/\/consensum-eng.com\/index.php\/empresa\/","title":{"rendered":"Nossas Especialidades"},"content":{"rendered":"\n<figure class=\"wp-block-image size-large\"><img decoding=\"async\" loading=\"lazy\" width=\"1024\" height=\"1024\" src=\"https:\/\/consensum-eng.com\/wp-content\/uploads\/2023\/08\/Sem-nome-210-\u00d7-210-mm-5-1024x1024.png\" alt=\"\" class=\"wp-image-118\" srcset=\"https:\/\/consensum-eng.com\/wp-content\/uploads\/2023\/08\/Sem-nome-210-\u00d7-210-mm-5-1024x1024.png 1024w, https:\/\/consensum-eng.com\/wp-content\/uploads\/2023\/08\/Sem-nome-210-\u00d7-210-mm-5-300x300.png 300w, https:\/\/consensum-eng.com\/wp-content\/uploads\/2023\/08\/Sem-nome-210-\u00d7-210-mm-5-150x150.png 150w, https:\/\/consensum-eng.com\/wp-content\/uploads\/2023\/08\/Sem-nome-210-\u00d7-210-mm-5-768x768.png 768w, https:\/\/consensum-eng.com\/wp-content\/uploads\/2023\/08\/Sem-nome-210-\u00d7-210-mm-5-1536x1536.png 1536w, https:\/\/consensum-eng.com\/wp-content\/uploads\/2023\/08\/Sem-nome-210-\u00d7-210-mm-5-2048x2048.png 2048w\" sizes=\"(max-width: 1024px) 100vw, 1024px\" \/><\/figure>\n\n\n\n<ul>\n<li>Desenvolvimento de rotas de processos de concentra\u00e7\u00e3o de min\u00e9rios (beneficiamento mineral), incluindo Comuniu\u00e7\u00e3o, Classifica\u00e7\u00e3o, Concentra\u00e7\u00e3o e separa\u00e7\u00e3o s\u00f3lido liquido;<\/li>\n\n\n\n<li>Supervis\u00e3o, Coordena\u00e7\u00e3o de Estudos de Viabilidade T\u00e9cnica e Econ\u00f4mica, Projetos Conceituais, Projetos B\u00e1sicos e Detalhados de empreendimentos de minera\u00e7\u00e3o (novos e amplia\u00e7\u00f5es);<\/li>\n\n\n\n<li>Projetos de Lavra a C\u00e9u Aberto e de Usinas de Beneficiamento Mineral;<\/li>\n\n\n\n<li>Pr\u00e9-opera\u00e7\u00e3o e otimiza\u00e7\u00e3o de usinas de beneficiamento;<\/li>\n\n\n\n<li>Peer Review e auditoria de Projetos;<\/li>\n\n\n\n<li>Assessoria T\u00e9cnica na lavra e beneficiamento de empresas de minera\u00e7\u00e3o, incluindo otimiza\u00e7\u00e3o das opera\u00e7\u00f5es;<\/li>\n\n\n\n<li>Assessoria T\u00e9cnica em processo Judiciais de direitos miner\u00e1rios e ambientais;<\/li>\n\n\n\n<li>Assist\u00eancia t\u00e9cnica e controle de direitos miner\u00e1rios, junto aos \u00f3rg\u00e3os federais, incluindo legaliza\u00e7\u00e3o de \u00e1reas (pedidos de pesquisa, pesquisa mineral e respectivos relat\u00f3rios;<\/li>\n\n\n\n<li>Planos de aproveitamento econ\u00f4mico;<\/li>\n\n\n\n<li>Estudos Ambientais;<\/li>\n\n\n\n<li>Relat\u00f3rios t\u00e9cnicos para licenciamento ambiental, entre os quais EIA\/RIMA, RCA\/PCA;<\/li>\n\n\n\n<li>Planos de fechamento de mina;<\/li>\n\n\n\n<li>Relat\u00f3rios de avalia\u00e7\u00e3o de impactos das atividades de descaracteriza\u00e7\u00e3o de barragens;<br>Estudos de viabilidade t\u00e9cnica e econ\u00f4mica de jazidas minerais, incluindo avalia\u00e7\u00f5es de jazidas minerais;<\/li>\n<\/ul>\n","protected":false},"excerpt":{"rendered":"","protected":false},"author":1,"featured_media":0,"parent":0,"menu_order":0,"comment_status":"closed","ping_status":"closed","template":"","meta":{"om_disable_all_campaigns":false,"_monsterinsights_skip_tracking":false,"_monsterinsights_sitenote_active":false,"_monsterinsights_sitenote_note":"","_monsterinsights_sitenote_category":0,"footnotes":""},"aioseo_notices":[],"_links":{"self":[{"href":"https:\/\/consensum-eng.com\/index.php\/wp-json\/wp\/v2\/pages\/28"}],"collection":[{"href":"https:\/\/consensum-eng.com\/index.php\/wp-json\/wp\/v2\/pages"}],"about":[{"href":"https:\/\/consensum-eng.com\/index.php\/wp-json\/wp\/v2\/types\/page"}],"author":[{"embeddable":true,"href":"https:\/\/consensum-eng.com\/index.php\/wp-json\/wp\/v2\/users\/1"}],"replies":[{"embeddable":true,"href":"https:\/\/consensum-eng.com\/index.php\/wp-json\/wp\/v2\/comments?post=28"}],"version-history":[{"count":3,"href":"https:\/\/consensum-eng.com\/index.php\/wp-json\/wp\/v2\/pages\/28\/revisions"}],"predecessor-version":[{"id":134,"href":"https:\/\/consensum-eng.com\/index.php\/wp-json\/wp\/v2\/pages\/28\/revisions\/134"}],"wp:attachment":[{"href":"https:\/\/consensum-eng.com\/index.php\/wp-json\/wp\/v2\/media?parent=28"}],"curies":[{"name":"wp","href":"https:\/\/api.w.org\/{rel}","templated":true}]}}